{"id":867,"date":"2019-08-10T10:09:33","date_gmt":"2019-08-10T10:09:33","guid":{"rendered":"https:\/\/marmorclinic.com\/?page_id=867"},"modified":"2020-02-01T16:59:50","modified_gmt":"2020-02-01T16:59:50","slug":"ueber-uns","status":"publish","type":"page","link":"https:\/\/marmorclinic.com\/de\/ueber-uns\/","title":{"rendered":"\u00dcber uns"},"content":{"rendered":"<p>[et_pb_section fb_built=&#8220;1&#8243; _builder_version=&#8220;3.22.7&#8243; background_color=&#8220;#8072a2&#8243; background_image=&#8220;https:\/\/marmorclinic.com\/wp-content\/uploads\/2019\/05\/heading-background2.png&#8220; min_height=&#8220;120px&#8220; custom_margin=&#8220;-10px|||||&#8220; custom_padding=&#8220;27px||20px|||&#8220; z_index=&#8220;0&#8243;][et_pb_row column_structure=&#8220;1_2,1_2&#8243; _builder_version=&#8220;3.25&#8243; custom_margin=&#8220;|217px||auto||&#8220; custom_margin_tablet=&#8220;|0px||0px||true&#8220; custom_margin_phone=&#8220;|0px||0px&#8220; custom_margin_last_edited=&#8220;on|phone&#8220; custom_padding=&#8220;||24px|25px||&#8220;][et_pb_column type=&#8220;1_2&#8243; _builder_version=&#8220;3.25&#8243; custom_padding=&#8220;|||&#8220; custom_padding__hover=&#8220;|||&#8220;][et_pb_text _builder_version=&#8220;3.27.4&#8243; text_font=&#8220;||||||||&#8220; header_font=&#8220;Montserrat|800|||||||&#8220; header_text_color=&#8220;#ffffff&#8220; header_font_size=&#8220;2rem&#8220; header_line_height=&#8220;1.3em&#8220; custom_margin=&#8220;||-2px|||&#8220; header_font_size_tablet=&#8220;1.7rem&#8220; header_font_size_phone=&#8220;&#8220; header_font_size_last_edited=&#8220;on|tablet&#8220;]<\/p>\n<h1 class=\"inner-page-title\">WIR K\u00dcMMERN UNS UM SIE<\/h1>\n<p>[\/et_pb_text][et_pb_text _builder_version=&#8220;3.27.4&#8243; text_font=&#8220;Muli|300|||||||&#8220; text_text_color=&#8220;#ffffff&#8220; text_font_size=&#8220;1.1rem&#8220; text_line_height=&#8220;1.6em&#8220;]<\/p>\n<div class=\"heading inner-page-header wow fadeIn pb-4\">\n<p class=\"inner-page-subtitle\"><span size=\"3\" style=\"font-size: medium;\">Erfahren Sie mehr dar\u00fcber, was wir tun und warum wir es tun.<\/span><\/p>\n<\/div>\n<div class=\"main-container mx-auto mt-5 mb-5\">\n<div class=\"row\">\n<div class=\"col-md-12\"><\/div>\n<\/div>\n<\/div>\n<p>[\/et_pb_text][\/et_pb_column][et_pb_column type=&#8220;1_2&#8243; _builder_version=&#8220;3.25&#8243; custom_padding=&#8220;|||&#8220; custom_padding__hover=&#8220;|||&#8220;][\/et_pb_column][\/et_pb_row][\/et_pb_section][et_pb_section fb_built=&#8220;1&#8243; _builder_version=&#8220;3.22.7&#8243; background_image=&#8220;https:\/\/marmorclinic.com\/wp-content\/uploads\/2019\/05\/marble-background.png&#8220; custom_margin=&#8220;-2px|||||&#8220; custom_padding=&#8220;||26px|||&#8220;][et_pb_row _builder_version=&#8220;3.25&#8243; custom_padding=&#8220;||25px|||&#8220;][et_pb_column type=&#8220;4_4&#8243; _builder_version=&#8220;3.25&#8243; custom_padding=&#8220;|||&#8220; custom_padding__hover=&#8220;|||&#8220;][et_pb_text _builder_version=&#8220;3.27.4&#8243; text_font=&#8220;||||||||&#8220; header_font=&#8220;Montserrat|800|||||||&#8220; header_text_color=&#8220;#6f58a6&#8243; header_font_size=&#8220;2.3rem&#8220; header_line_height=&#8220;1.3em&#8220; custom_margin=&#8220;||11px|||&#8220; header_font_size_tablet=&#8220;1.7rem&#8220; header_font_size_phone=&#8220;&#8220; header_font_size_last_edited=&#8220;on|phone&#8220;]<\/p>\n<h1 class=\"text-center title-section\" style=\"text-align: center;\">PROFESSIONELLE ZAHNPFLEGE F\u00dcR SIE!<\/h1>\n<p>[\/et_pb_text][et_pb_text _builder_version=&#8220;3.27.4&#8243; text_font=&#8220;Montserrat|300|||||||&#8220; text_text_color=&#8220;#7d7d7d&#8220; text_font_size=&#8220;1.16rem&#8220; text_line_height=&#8220;1.5em&#8220; header_font=&#8220;||||||||&#8220; header_text_color=&#8220;#7d7d7d&#8220;]<\/p>\n<p style=\"text-align: center;\">Wir glauben, dass Sie die beste Zahnbehandlung zu einem erschwinglichen Preis verdienen. Deshalb arbeiten wir intensiv daran, eine der modernsten Zahnkliniken der Region aufzubauen. Alle unsere Zahn\u00e4rzte sind mit jahrelanger Erfahrung, zertifiziert und weisen Hunderte von gl\u00fccklichen Patienten auf.<\/p>\n<p>Wir verstehen, wie schwierig und stressig es ist, den richtigen Zahnarzt f\u00fcr sich zu finden. Sie m\u00fcssen sich keine Sorgen mehr machen. Konzentrieren Sie sich einfach auf den Urlaub und wir k\u00fcmmern uns um den Rest.<\/p>\n<p>[\/et_pb_text][\/et_pb_column][\/et_pb_row][\/et_pb_section][et_pb_section fb_built=&#8220;1&#8243; _builder_version=&#8220;3.22.7&#8243; custom_padding=&#8220;32px||21px|||&#8220;][et_pb_row _builder_version=&#8220;3.25&#8243;][et_pb_column type=&#8220;4_4&#8243; _builder_version=&#8220;3.25&#8243; custom_padding=&#8220;|||&#8220; custom_padding__hover=&#8220;|||&#8220;][et_pb_text _builder_version=&#8220;3.27.4&#8243; text_font=&#8220;||||||||&#8220; header_font=&#8220;Montserrat|800||on|||||&#8220; header_text_color=&#8220;#6f58a6&#8243; header_font_size=&#8220;2.3rem&#8220; header_line_height=&#8220;1.3em&#8220; custom_margin=&#8220;||11px|||&#8220; header_font_size_tablet=&#8220;1.7rem&#8220; header_font_size_phone=&#8220;&#8220; header_font_size_last_edited=&#8220;on|phone&#8220;]<\/p>\n<h1 class=\"text-center title-section\" style=\"text-align: center;\">VERPFLICHTUNG MIT DEN H\u00d6CHSTEN PROFESSIONELLEN NORMEN<\/h1>\n<p>[\/et_pb_text][et_pb_text _builder_version=&#8220;3.27.4&#8243; text_font=&#8220;Montserrat|300|||||||&#8220; text_text_color=&#8220;#7d7d7d&#8220; text_font_size=&#8220;1.16rem&#8220; text_line_height=&#8220;1.5em&#8220; header_font=&#8220;||||||||&#8220; header_text_color=&#8220;#7d7d7d&#8220;]<\/p>\n<p class=\"text-center subtitle-section\" style=\"text-align: center;\">Vertrauen Sie unserem au\u03b2erordentlich erfahrenen und kompetenten Zahnarzt-Team und besuchen Sie uns zur Behandlung in der modernsten Zahnklinik.<\/p>\n<p>[\/et_pb_text][\/et_pb_column][\/et_pb_row][et_pb_row _builder_version=&#8220;3.25&#8243; custom_padding=&#8220;0px|||||&#8220;][et_pb_column type=&#8220;4_4&#8243; _builder_version=&#8220;3.25&#8243; custom_padding=&#8220;|||&#8220; custom_padding__hover=&#8220;|||&#8220;][et_pb_image src=&#8220;https:\/\/marmorclinic.com\/wp-content\/uploads\/2019\/05\/marmor_clinic.jpg&#8220; align=&#8220;center&#8220; align_tablet=&#8220;center&#8220; align_phone=&#8220;&#8220; align_last_edited=&#8220;on|desktop&#8220; _builder_version=&#8220;3.23&#8243;][\/et_pb_image][\/et_pb_column][\/et_pb_row][\/et_pb_section][et_pb_section fb_built=&#8220;1&#8243; _builder_version=&#8220;3.22.7&#8243; custom_padding=&#8220;20px||0px|||&#8220;][et_pb_row _builder_version=&#8220;3.25&#8243;][et_pb_column type=&#8220;4_4&#8243; _builder_version=&#8220;3.25&#8243; custom_padding=&#8220;|||&#8220; custom_padding__hover=&#8220;|||&#8220;][et_pb_text _builder_version=&#8220;3.27.4&#8243; text_font=&#8220;||||||||&#8220; header_font=&#8220;Montserrat|800|||||||&#8220; header_text_color=&#8220;#6f58a6&#8243; header_font_size=&#8220;2.3rem&#8220; header_line_height=&#8220;1.3em&#8220; custom_margin=&#8220;||11px|||&#8220; header_font_size_tablet=&#8220;1.7rem&#8220; header_font_size_phone=&#8220;&#8220; header_font_size_last_edited=&#8220;on|phone&#8220;]<\/p>\n<h1 class=\"text-center title-section\" style=\"text-align: center;\">IHR EINZIGARTIGER ZAHN-URLAUB<\/h1>\n<p>[\/et_pb_text][et_pb_text _builder_version=&#8220;3.27.4&#8243; text_font=&#8220;Montserrat|300|||||||&#8220; text_text_color=&#8220;#7d7d7d&#8220; text_font_size=&#8220;1.16rem&#8220; text_line_height=&#8220;1.5em&#8220; header_font=&#8220;||||||||&#8220; header_text_color=&#8220;#7d7d7d&#8220;]<\/p>\n<p class=\"text-center subtitle-section\" style=\"text-align: center;\">Eine Kombination aus hochwertiger Zahnbehandlung und einem einzigartigen Urlaub. Besuchen Sie die sch\u00f6nsten Orte Bulgariens, probieren Sie die k\u00f6stliche regionale K\u00fcche und genie\u00dfen Sie Wellness- und SPA-Behandlungen.<\/p>\n<p>[\/et_pb_text][\/et_pb_column][\/et_pb_row][et_pb_row column_structure=&#8220;1_4,1_4,1_4,1_4&#8243; use_custom_gutter=&#8220;on&#8220; gutter_width=&#8220;1&#8243; disabled_on=&#8220;on|on|off&#8220; _builder_version=&#8220;3.25&#8243; custom_padding=&#8220;||0px|||&#8220;][et_pb_column type=&#8220;1_4&#8243; _builder_version=&#8220;3.25&#8243; custom_padding=&#8220;|||&#8220; custom_padding__hover=&#8220;|||&#8220;][et_pb_image src=&#8220;https:\/\/marmorclinic.com\/wp-content\/uploads\/2019\/05\/chair-2589771_640.jpg&#8220; align_tablet=&#8220;center&#8220; align_phone=&#8220;&#8220; align_last_edited=&#8220;on|desktop&#8220; _builder_version=&#8220;3.23&#8243;][\/et_pb_image][\/et_pb_column][et_pb_column type=&#8220;1_4&#8243; _builder_version=&#8220;3.25&#8243; custom_padding=&#8220;|||&#8220; custom_padding__hover=&#8220;|||&#8220;][et_pb_image src=&#8220;https:\/\/marmorclinic.com\/wp-content\/uploads\/2019\/05\/doctor-563429_640.jpg&#8220; align_tablet=&#8220;center&#8220; align_phone=&#8220;&#8220; align_last_edited=&#8220;on|desktop&#8220; _builder_version=&#8220;3.23&#8243;][\/et_pb_image][\/et_pb_column][et_pb_column type=&#8220;1_4&#8243; _builder_version=&#8220;3.25&#8243; custom_padding=&#8220;|||&#8220; custom_padding__hover=&#8220;|||&#8220;][et_pb_image src=&#8220;https:\/\/marmorclinic.com\/wp-content\/uploads\/2019\/05\/chair-2584260_640.jpg&#8220; align_tablet=&#8220;center&#8220; align_phone=&#8220;&#8220; align_last_edited=&#8220;on|desktop&#8220; _builder_version=&#8220;3.23&#8243;][\/et_pb_image][\/et_pb_column][et_pb_column type=&#8220;1_4&#8243; _builder_version=&#8220;3.25&#8243; custom_padding=&#8220;|||&#8220; custom_padding__hover=&#8220;|||&#8220;][et_pb_image src=&#8220;https:\/\/marmorclinic.com\/wp-content\/uploads\/2019\/05\/chair-2589770_640.jpg&#8220; align_tablet=&#8220;center&#8220; align_phone=&#8220;&#8220; align_last_edited=&#8220;on|desktop&#8220; _builder_version=&#8220;3.23&#8243;][\/et_pb_image][\/et_pb_column][\/et_pb_row][\/et_pb_section][et_pb_section fb_built=&#8220;1&#8243; _builder_version=&#8220;3.22.7&#8243; custom_padding=&#8220;0px|||||&#8220; saved_tabs=&#8220;all&#8220;][et_pb_row column_structure=&#8220;1_2,1_2&#8243; use_custom_gutter=&#8220;on&#8220; gutter_width=&#8220;2&#8243; make_equal=&#8220;on&#8220; _builder_version=&#8220;3.25&#8243; background_color=&#8220;#88819d&#8220; min_height=&#8220;289px&#8220; custom_padding=&#8220;0px||0px|||&#8220;][et_pb_column type=&#8220;1_2&#8243; _builder_version=&#8220;3.25&#8243; background_image=&#8220;https:\/\/marmorclinic.com\/wp-content\/uploads\/2019\/05\/instruments-bg.png&#8220; custom_padding=&#8220;|||&#8220; custom_padding__hover=&#8220;|||&#8220;][et_pb_divider show_divider=&#8220;off&#8220; _builder_version=&#8220;3.22.7&#8243; custom_padding=&#8220;163px||163px||true|&#8220;][\/et_pb_divider][\/et_pb_column][et_pb_column type=&#8220;1_2&#8243; _builder_version=&#8220;3.25&#8243; custom_padding=&#8220;|||&#8220; custom_padding__hover=&#8220;|||&#8220;][et_pb_text _builder_version=&#8220;3.27.4&#8243; text_font=&#8220;||||||||&#8220; header_font=&#8220;Montserrat|800|||||||&#8220; header_text_color=&#8220;#ffffff&#8220; header_font_size=&#8220;1.7rem&#8220; header_line_height=&#8220;1.7em&#8220; header_2_font=&#8220;||||||||&#8220; custom_margin=&#8220;||11px|||&#8220; custom_padding=&#8220;59px|23px||0px||false&#8220; custom_padding_tablet=&#8220;|||23px||false&#8220; custom_padding_phone=&#8220;&#8220; custom_padding_last_edited=&#8220;on|phone&#8220;]<\/p>\n<h1 class=\"contact-banner-title mt-5 pt-2\" style=\"text-align: center;\">WARTEN SIE NICHT, BIS ES ZU SP\u00c4T IST<\/h1>\n<p class=\"contact-banner-paragraph mt-5\" style=\"text-align: center;\">[\/et_pb_text][et_pb_text _builder_version=&#8220;3.27.4&#8243; text_font=&#8220;Muli||||||||&#8220; text_text_color=&#8220;#ffffff&#8220; text_font_size=&#8220;1.2rem&#8220; text_line_height=&#8220;1.5em&#8220; custom_padding=&#8220;|23px||&#8220; custom_padding_tablet=&#8220;|||23px&#8220; custom_padding_phone=&#8220;&#8220; custom_padding_last_edited=&#8220;on|tablet&#8220;]<\/p>\n<p style=\"text-align: center;\">Holen Sie sich die Zahnpflege, die Sie brauchen. Teilen Sie unseren Spezialisten Ihre Probleme mit. Kontaktieren Sie jetzt einen unserer \u00c4rzte f\u00fcr eine kostenlose Beratung.<\/p>\n<p>[\/et_pb_text][et_pb_button button_url=&#8220;\/?page_id=298&#8243; button_text=&#8220;NEHMEN SIE KONTAKT MIT UNS AUF&#8220; button_alignment=&#8220;center&#8220; _builder_version=&#8220;3.26.3&#8243; custom_button=&#8220;on&#8220; button_text_size=&#8220;20px&#8220; button_text_color=&#8220;#ffffff&#8220; button_bg_color=&#8220;#87d373&#8243; button_border_color=&#8220;#87d373&#8243; button_border_radius=&#8220;63px&#8220; button_font=&#8220;Muli|300|||||||&#8220; button_use_icon=&#8220;off&#8220; custom_margin=&#8220;30px||||false&#8220; custom_padding=&#8220;|50px||50px||true&#8220;][\/et_pb_button][et_pb_divider show_divider=&#8220;off&#8220; _builder_version=&#8220;3.22.7&#8243; custom_margin=&#8220;||&#8220; custom_margin_tablet=&#8220;25px||&#8220; custom_margin_phone=&#8220;&#8220; custom_margin_last_edited=&#8220;on|phone&#8220; custom_padding=&#8220;||&#8220;][\/et_pb_divider][\/et_pb_column][\/et_pb_row][\/et_pb_section]<\/p>\n","protected":false},"excerpt":{"rendered":"<p>WIR K\u00dcMMERN UNS UM SIE Erfahren Sie mehr dar\u00fcber, was wir tun und warum wir es tun. PROFESSIONELLE ZAHNPFLEGE F\u00dcR SIE!Wir glauben, dass Sie die beste Zahnbehandlung zu einem erschwinglichen Preis verdienen. Deshalb arbeiten wir intensiv daran, eine der modernsten Zahnkliniken der Region aufzubauen. Alle unsere Zahn\u00e4rzte sind mit jahrelanger Erfahrung, zertifiziert und weisen Hunderte [&hellip;]<\/p>\n","protected":false},"author":1,"featured_media":479,"parent":0,"menu_order":0,"comment_status":"closed","ping_status":"closed","template":"","meta":{"_et_pb_use_builder":"on","_et_pb_old_content":"","_et_gb_content_width":"","footnotes":""},"class_list":["post-867","page","type-page","status-publish","has-post-thumbnail","hentry"],"yoast_head":"<!-- This site is optimized with the Yoast SEO plugin v23.1 - https:\/\/yoast.com\/wordpress\/plugins\/seo\/ -->\n<title>\u00dcber uns - Marmor Clinic<\/title>\n<meta name=\"robots\" content=\"index, follow, max-snippet:-1, max-image-preview:large, max-video-preview:-1\" \/>\n<link rel=\"canonical\" href=\"https:\/\/marmorclinic.com\/\u0437\u0430-\u043d\u0430\u0441\/\" \/>\n<meta property=\"og:locale\" content=\"de_DE\" \/>\n<meta property=\"og:type\" content=\"article\" \/>\n<meta property=\"og:title\" content=\"\u00dcber uns - Marmor Clinic\" \/>\n<meta property=\"og:description\" content=\"WIR K\u00dcMMERN UNS UM SIE Erfahren Sie mehr dar\u00fcber, was wir tun und warum wir es tun. PROFESSIONELLE ZAHNPFLEGE F\u00dcR SIE!Wir glauben, dass Sie die beste Zahnbehandlung zu einem erschwinglichen Preis verdienen. Deshalb arbeiten wir intensiv daran, eine der modernsten Zahnkliniken der Region aufzubauen. Alle unsere Zahn\u00e4rzte sind mit jahrelanger Erfahrung, zertifiziert und weisen Hunderte [&hellip;]\" \/>\n<meta property=\"og:url\" content=\"https:\/\/marmorclinic.com\/\u0437\u0430-\u043d\u0430\u0441\/\" \/>\n<meta property=\"og:site_name\" content=\"Marmor Clinic\" \/>\n<meta property=\"article:modified_time\" content=\"2020-02-01T16:59:50+00:00\" \/>\n<meta property=\"og:image\" content=\"https:\/\/i0.wp.com\/marmorclinic.com\/wp-content\/uploads\/2019\/05\/doctor-563429_640.jpg?fit=640%2C426&ssl=1\" \/>\n\t<meta property=\"og:image:width\" content=\"640\" \/>\n\t<meta property=\"og:image:height\" content=\"426\" \/>\n\t<meta property=\"og:image:type\" content=\"image\/jpeg\" \/>\n<meta name=\"twitter:card\" content=\"summary_large_image\" \/>\n<meta name=\"twitter:label1\" content=\"Gesch\u00e4tzte Lesezeit\" \/>\n\t<meta name=\"twitter:data1\" content=\"6\u00a0Minuten\" \/>\n<script type=\"application\/ld+json\" class=\"yoast-schema-graph\">{\"@context\":\"https:\/\/schema.org\",\"@graph\":[{\"@type\":\"WebPage\",\"@id\":\"https:\/\/marmorclinic.com\/%d0%b7%d0%b0-%d0%bd%d0%b0%d1%81\/\",\"url\":\"https:\/\/marmorclinic.com\/%d0%b7%d0%b0-%d0%bd%d0%b0%d1%81\/\",\"name\":\"\u00dcber uns - Marmor Clinic\",\"isPartOf\":{\"@id\":\"https:\/\/marmorclinic.com\/#website\"},\"primaryImageOfPage\":{\"@id\":\"https:\/\/marmorclinic.com\/%d0%b7%d0%b0-%d0%bd%d0%b0%d1%81\/#primaryimage\"},\"image\":{\"@id\":\"https:\/\/marmorclinic.com\/%d0%b7%d0%b0-%d0%bd%d0%b0%d1%81\/#primaryimage\"},\"thumbnailUrl\":\"https:\/\/marmorclinic.com\/wp-content\/uploads\/2019\/05\/doctor-563429_640.jpg\",\"datePublished\":\"2019-08-10T10:09:33+00:00\",\"dateModified\":\"2020-02-01T16:59:50+00:00\",\"breadcrumb\":{\"@id\":\"https:\/\/marmorclinic.com\/%d0%b7%d0%b0-%d0%bd%d0%b0%d1%81\/#breadcrumb\"},\"inLanguage\":\"de\",\"potentialAction\":[{\"@type\":\"ReadAction\",\"target\":[\"https:\/\/marmorclinic.com\/%d0%b7%d0%b0-%d0%bd%d0%b0%d1%81\/\"]}]},{\"@type\":\"ImageObject\",\"inLanguage\":\"de\",\"@id\":\"https:\/\/marmorclinic.com\/%d0%b7%d0%b0-%d0%bd%d0%b0%d1%81\/#primaryimage\",\"url\":\"https:\/\/marmorclinic.com\/wp-content\/uploads\/2019\/05\/doctor-563429_640.jpg\",\"contentUrl\":\"https:\/\/marmorclinic.com\/wp-content\/uploads\/2019\/05\/doctor-563429_640.jpg\",\"width\":640,\"height\":426,\"caption\":\"Marmor Clinic Professional dental care for you\"},{\"@type\":\"BreadcrumbList\",\"@id\":\"https:\/\/marmorclinic.com\/%d0%b7%d0%b0-%d0%bd%d0%b0%d1%81\/#breadcrumb\",\"itemListElement\":[{\"@type\":\"ListItem\",\"position\":1,\"name\":\"Home\",\"item\":\"https:\/\/marmorclinic.com\/\"},{\"@type\":\"ListItem\",\"position\":2,\"name\":\"\u00dcber uns\"}]},{\"@type\":\"WebSite\",\"@id\":\"https:\/\/marmorclinic.com\/#website\",\"url\":\"https:\/\/marmorclinic.com\/\",\"name\":\"Marmor Clinic\",\"description\":\"High-Quality Dental Treatment \",\"potentialAction\":[{\"@type\":\"SearchAction\",\"target\":{\"@type\":\"EntryPoint\",\"urlTemplate\":\"https:\/\/marmorclinic.com\/?s={search_term_string}\"},\"query-input\":\"required name=search_term_string\"}],\"inLanguage\":\"de\"}]}<\/script>\n<!-- \/ Yoast SEO plugin. -->","yoast_head_json":{"title":"\u00dcber uns - Marmor Clinic","robots":{"index":"index","follow":"follow","max-snippet":"max-snippet:-1","max-image-preview":"max-image-preview:large","max-video-preview":"max-video-preview:-1"},"canonical":"https:\/\/marmorclinic.com\/\u0437\u0430-\u043d\u0430\u0441\/","og_locale":"de_DE","og_type":"article","og_title":"\u00dcber uns - Marmor Clinic","og_description":"WIR K\u00dcMMERN UNS UM SIE Erfahren Sie mehr dar\u00fcber, was wir tun und warum wir es tun. PROFESSIONELLE ZAHNPFLEGE F\u00dcR SIE!Wir glauben, dass Sie die beste Zahnbehandlung zu einem erschwinglichen Preis verdienen. Deshalb arbeiten wir intensiv daran, eine der modernsten Zahnkliniken der Region aufzubauen. Alle unsere Zahn\u00e4rzte sind mit jahrelanger Erfahrung, zertifiziert und weisen Hunderte [&hellip;]","og_url":"https:\/\/marmorclinic.com\/\u0437\u0430-\u043d\u0430\u0441\/","og_site_name":"Marmor Clinic","article_modified_time":"2020-02-01T16:59:50+00:00","og_image":[{"width":640,"height":426,"url":"https:\/\/i0.wp.com\/marmorclinic.com\/wp-content\/uploads\/2019\/05\/doctor-563429_640.jpg?fit=640%2C426&ssl=1","type":"image\/jpeg"}],"twitter_card":"summary_large_image","twitter_misc":{"Gesch\u00e4tzte Lesezeit":"6\u00a0Minuten"},"schema":{"@context":"https:\/\/schema.org","@graph":[{"@type":"WebPage","@id":"https:\/\/marmorclinic.com\/%d0%b7%d0%b0-%d0%bd%d0%b0%d1%81\/","url":"https:\/\/marmorclinic.com\/%d0%b7%d0%b0-%d0%bd%d0%b0%d1%81\/","name":"\u00dcber uns - Marmor Clinic","isPartOf":{"@id":"https:\/\/marmorclinic.com\/#website"},"primaryImageOfPage":{"@id":"https:\/\/marmorclinic.com\/%d0%b7%d0%b0-%d0%bd%d0%b0%d1%81\/#primaryimage"},"image":{"@id":"https:\/\/marmorclinic.com\/%d0%b7%d0%b0-%d0%bd%d0%b0%d1%81\/#primaryimage"},"thumbnailUrl":"https:\/\/marmorclinic.com\/wp-content\/uploads\/2019\/05\/doctor-563429_640.jpg","datePublished":"2019-08-10T10:09:33+00:00","dateModified":"2020-02-01T16:59:50+00:00","breadcrumb":{"@id":"https:\/\/marmorclinic.com\/%d0%b7%d0%b0-%d0%bd%d0%b0%d1%81\/#breadcrumb"},"inLanguage":"de","potentialAction":[{"@type":"ReadAction","target":["https:\/\/marmorclinic.com\/%d0%b7%d0%b0-%d0%bd%d0%b0%d1%81\/"]}]},{"@type":"ImageObject","inLanguage":"de","@id":"https:\/\/marmorclinic.com\/%d0%b7%d0%b0-%d0%bd%d0%b0%d1%81\/#primaryimage","url":"https:\/\/marmorclinic.com\/wp-content\/uploads\/2019\/05\/doctor-563429_640.jpg","contentUrl":"https:\/\/marmorclinic.com\/wp-content\/uploads\/2019\/05\/doctor-563429_640.jpg","width":640,"height":426,"caption":"Marmor Clinic Professional dental care for you"},{"@type":"BreadcrumbList","@id":"https:\/\/marmorclinic.com\/%d0%b7%d0%b0-%d0%bd%d0%b0%d1%81\/#breadcrumb","itemListElement":[{"@type":"ListItem","position":1,"name":"Home","item":"https:\/\/marmorclinic.com\/"},{"@type":"ListItem","position":2,"name":"\u00dcber uns"}]},{"@type":"WebSite","@id":"https:\/\/marmorclinic.com\/#website","url":"https:\/\/marmorclinic.com\/","name":"Marmor Clinic","description":"High-Quality Dental Treatment ","potentialAction":[{"@type":"SearchAction","target":{"@type":"EntryPoint","urlTemplate":"https:\/\/marmorclinic.com\/?s={search_term_string}"},"query-input":"required name=search_term_string"}],"inLanguage":"de"}]}},"_links":{"self":[{"href":"https:\/\/marmorclinic.com\/de\/wp-json\/wp\/v2\/pages\/867"}],"collection":[{"href":"https:\/\/marmorclinic.com\/de\/wp-json\/wp\/v2\/pages"}],"about":[{"href":"https:\/\/marmorclinic.com\/de\/wp-json\/wp\/v2\/types\/page"}],"author":[{"embeddable":true,"href":"https:\/\/marmorclinic.com\/de\/wp-json\/wp\/v2\/users\/1"}],"replies":[{"embeddable":true,"href":"https:\/\/marmorclinic.com\/de\/wp-json\/wp\/v2\/comments?post=867"}],"version-history":[{"count":3,"href":"https:\/\/marmorclinic.com\/de\/wp-json\/wp\/v2\/pages\/867\/revisions"}],"predecessor-version":[{"id":1238,"href":"https:\/\/marmorclinic.com\/de\/wp-json\/wp\/v2\/pages\/867\/revisions\/1238"}],"wp:featuredmedia":[{"embeddable":true,"href":"https:\/\/marmorclinic.com\/de\/wp-json\/wp\/v2\/media\/479"}],"wp:attachment":[{"href":"https:\/\/marmorclinic.com\/de\/wp-json\/wp\/v2\/media?parent=867"}],"curies":[{"name":"wp","href":"https:\/\/api.w.org\/{rel}","templated":true}]}}